{"id":181290,"date":"2025-05-22T00:01:36","date_gmt":"2025-05-21T22:01:36","guid":{"rendered":"https:\/\/haut-segala.com\/produit\/creme-mains-aloe-vera\/"},"modified":"2026-02-04T00:19:54","modified_gmt":"2026-02-03T23:19:54","slug":"creme-mains-aloe-vera","status":"publish","type":"product","link":"https:\/\/haut-segala.com\/es\/produit\/creme-mains-aloe-vera\/","title":{"rendered":"Crema de manos de Aloe Vera certificada org\u00e1nica"},"content":{"rendered":"","protected":false},"excerpt":{"rendered":"<p>Esta crema de manos contiene \u00e1cido hialur\u00f3nico, conocido por sus propiedades hidratantes, y Aloe Vera, conocido por sus propiedades reparadoras y calmantes. Ideal para uso diario, esta crema penetra r\u00e1pidamente sin dejar una pel\u00edcula grasa. Deja la piel confortable, nutrida y delicadamente perfumada.<\/p>\n","protected":false},"featured_media":175982,"comment_status":"open","ping_status":"closed","template":"","meta":{"_acf_changed":false},"product_brand":[],"product_cat":[625,630,656,915,679,657],"product_tag":[],"class_list":{"0":"post-181290","1":"product","2":"type-product","3":"status-publish","4":"has-post-thumbnail","6":"product_cat-cuerpo","7":"product_cat-cuidados-con-aloe-vera","8":"product_cat-deshidratacion-cuerpo","9":"product_cat-hidratantes-corporales","10":"product_cat-sensibilite-demangeaisons-corps-es","11":"product_cat-sequia-cuerpo","13":"first","14":"instock","15":"taxable","16":"shipping-taxable","17":"purchasable","18":"product-type-simple"},"acf":[],"_links":{"self":[{"href":"https:\/\/haut-segala.com\/es\/wp-json\/wp\/v2\/product\/181290","targetHints":{"allow":["GET"]}}],"collection":[{"href":"https:\/\/haut-segala.com\/es\/wp-json\/wp\/v2\/product"}],"about":[{"href":"https:\/\/haut-segala.com\/es\/wp-json\/wp\/v2\/types\/product"}],"replies":[{"embeddable":true,"href":"https:\/\/haut-segala.com\/es\/wp-json\/wp\/v2\/comments?post=181290"}],"wp:featuredmedia":[{"embeddable":true,"href":"https:\/\/haut-segala.com\/es\/wp-json\/wp\/v2\/media\/175982"}],"wp:attachment":[{"href":"https:\/\/haut-segala.com\/es\/wp-json\/wp\/v2\/media?parent=181290"}],"wp:term":[{"taxonomy":"product_brand","embeddable":true,"href":"https:\/\/haut-segala.com\/es\/wp-json\/wp\/v2\/product_brand?post=181290"},{"taxonomy":"product_cat","embeddable":true,"href":"https:\/\/haut-segala.com\/es\/wp-json\/wp\/v2\/product_cat?post=181290"},{"taxonomy":"product_tag","embeddable":true,"href":"https:\/\/haut-segala.com\/es\/wp-json\/wp\/v2\/product_tag?post=181290"}],"curies":[{"name":"wp","href":"https:\/\/api.w.org\/{rel}","templated":true}]}}