{"id":183817,"date":"2025-07-09T09:30:53","date_gmt":"2025-07-09T07:30:53","guid":{"rendered":"https:\/\/haut-segala.com\/?post_type=product&#038;p=183817"},"modified":"2026-02-15T15:41:25","modified_gmt":"2026-02-15T14:41:25","slug":"aceite-de-argan-ecologico-certificado","status":"publish","type":"product","link":"https:\/\/haut-segala.com\/es\/produit\/aceite-de-argan-ecologico-certificado\/","title":{"rendered":"Aceite de arg\u00e1n ecol\u00f3gico certificado"},"content":{"rendered":"","protected":false},"excerpt":{"rendered":"<p>El aceite de arg\u00e1n suaviza y nutre la piel seca y reduce las imperfecciones cut\u00e1neas. Naturalmente muy rico en vitamina E, es un excelente protector de la piel y un eficaz antienvejecimiento.<\/p>\n","protected":false},"featured_media":183822,"comment_status":"open","ping_status":"closed","template":"","meta":{"_acf_changed":false},"product_brand":[],"product_cat":[620,914,638,624,653,625,646,656,682,651,672,666,626,649,657],"product_tag":[],"class_list":{"0":"post-183817","1":"product","2":"type-product","3":"status-publish","4":"has-post-thumbnail","6":"product_cat-aceites-vegetales","7":"product_cat-aceite-vegetal-cuerpo","8":"product_cat-aceites-vegetales-faciales","9":"product_cat-cara","10":"product_cat-cara-seca","11":"product_cat-cuerpo","12":"product_cat-deshidratacion-facial","13":"product_cat-deshidratacion-cuerpo","14":"product_cat-manque-de-fermete-corps-es","15":"product_cat-falta-de-firmeza-en-la-cara","16":"product_cat-hidratar-mi-pelo-seco","17":"product_cat-ilumina-mi-pelo","18":"product_cat-pelo","19":"product_cat-primeras-arrugas-y-arrugas-establecidas-cara","20":"product_cat-sequia-cuerpo","22":"first","23":"instock","24":"taxable","25":"shipping-taxable","26":"purchasable","27":"product-type-simple"},"acf":[],"_links":{"self":[{"href":"https:\/\/haut-segala.com\/es\/wp-json\/wp\/v2\/product\/183817","targetHints":{"allow":["GET"]}}],"collection":[{"href":"https:\/\/haut-segala.com\/es\/wp-json\/wp\/v2\/product"}],"about":[{"href":"https:\/\/haut-segala.com\/es\/wp-json\/wp\/v2\/types\/product"}],"replies":[{"embeddable":true,"href":"https:\/\/haut-segala.com\/es\/wp-json\/wp\/v2\/comments?post=183817"}],"wp:featuredmedia":[{"embeddable":true,"href":"https:\/\/haut-segala.com\/es\/wp-json\/wp\/v2\/media\/183822"}],"wp:attachment":[{"href":"https:\/\/haut-segala.com\/es\/wp-json\/wp\/v2\/media?parent=183817"}],"wp:term":[{"taxonomy":"product_brand","embeddable":true,"href":"https:\/\/haut-segala.com\/es\/wp-json\/wp\/v2\/product_brand?post=183817"},{"taxonomy":"product_cat","embeddable":true,"href":"https:\/\/haut-segala.com\/es\/wp-json\/wp\/v2\/product_cat?post=183817"},{"taxonomy":"product_tag","embeddable":true,"href":"https:\/\/haut-segala.com\/es\/wp-json\/wp\/v2\/product_tag?post=183817"}],"curies":[{"name":"wp","href":"https:\/\/api.w.org\/{rel}","templated":true}]}}