{"id":183996,"date":"2025-07-10T12:03:32","date_gmt":"2025-07-10T10:03:32","guid":{"rendered":"https:\/\/haut-segala.com\/?post_type=product&#038;p=183996"},"modified":"2025-10-16T16:01:10","modified_gmt":"2025-10-16T14:01:10","slug":"aceite-de-avellana-ecologico-ca","status":"publish","type":"product","link":"https:\/\/haut-segala.com\/es\/produit\/aceite-de-avellana-ecologico-ca\/","title":{"rendered":"Aceite de avellana ecol\u00f3gico certificado"},"content":{"rendered":"","protected":false},"excerpt":{"rendered":"<p>El aceite vegetal de avellana ecol\u00f3gico es muy eficaz para las pieles mixtas. Regula la producci\u00f3n de sebo de la piel, reduciendo la aparici\u00f3n de granos.<\/p>\n","protected":false},"featured_media":184048,"comment_status":"open","ping_status":"closed","template":"","meta":{"_acf_changed":false},"product_brand":[],"product_cat":[768,620,914,638,690,648,624,655,654,769,625,681,646,656,658,682,672,645,626,649,669,657],"product_tag":[],"class_list":{"0":"post-183996","1":"product","2":"type-product","3":"status-publish","4":"has-post-thumbnail","6":"product_cat-aceite-comestible","7":"product_cat-aceites-vegetales","8":"product_cat-aceite-vegetal-cuerpo","9":"product_cat-aceites-vegetales-faciales","10":"product_cat-bienestar","11":"product_cat-brillos-y-poros-dilatados-en-el-rostro","12":"product_cat-cara","13":"product_cat-cara-grasa","14":"product_cat-cara-mixta","15":"product_cat-complementos-alimenticios","16":"product_cat-cuerpo","17":"product_cat-soins-capillaire-cheveux-es","18":"product_cat-deshidratacion-facial","19":"product_cat-deshidratacion-cuerpo","20":"product_cat-estrias-cuerpo","21":"product_cat-manque-de-fermete-corps-es","22":"product_cat-hidratar-mi-pelo-seco","23":"product_cat-imperfecciones-de-la-cara","24":"product_cat-pelo","25":"product_cat-primeras-arrugas-y-arrugas-establecidas-cara","26":"product_cat-purificar-mi-cuero-cabelludo-graso","27":"product_cat-sequia-cuerpo","29":"first","30":"instock","31":"taxable","32":"shipping-taxable","33":"purchasable","34":"product-type-simple"},"acf":[],"_links":{"self":[{"href":"https:\/\/haut-segala.com\/es\/wp-json\/wp\/v2\/product\/183996","targetHints":{"allow":["GET"]}}],"collection":[{"href":"https:\/\/haut-segala.com\/es\/wp-json\/wp\/v2\/product"}],"about":[{"href":"https:\/\/haut-segala.com\/es\/wp-json\/wp\/v2\/types\/product"}],"replies":[{"embeddable":true,"href":"https:\/\/haut-segala.com\/es\/wp-json\/wp\/v2\/comments?post=183996"}],"wp:featuredmedia":[{"embeddable":true,"href":"https:\/\/haut-segala.com\/es\/wp-json\/wp\/v2\/media\/184048"}],"wp:attachment":[{"href":"https:\/\/haut-segala.com\/es\/wp-json\/wp\/v2\/media?parent=183996"}],"wp:term":[{"taxonomy":"product_brand","embeddable":true,"href":"https:\/\/haut-segala.com\/es\/wp-json\/wp\/v2\/product_brand?post=183996"},{"taxonomy":"product_cat","embeddable":true,"href":"https:\/\/haut-segala.com\/es\/wp-json\/wp\/v2\/product_cat?post=183996"},{"taxonomy":"product_tag","embeddable":true,"href":"https:\/\/haut-segala.com\/es\/wp-json\/wp\/v2\/product_tag?post=183996"}],"curies":[{"name":"wp","href":"https:\/\/api.w.org\/{rel}","templated":true}]}}