{"id":189359,"date":"2025-09-15T00:01:51","date_gmt":"2025-09-14T22:01:51","guid":{"rendered":"https:\/\/haut-segala.com\/?post_type=product&#038;p=189359"},"modified":"2026-02-04T00:20:06","modified_gmt":"2026-02-03T23:20:06","slug":"balsamo-labial-rojo-ocre-ecologico","status":"publish","type":"product","link":"https:\/\/haut-segala.com\/es\/produit\/balsamo-labial-rojo-ocre-ecologico\/","title":{"rendered":"B\u00e1lsamo labial rojo ocre ecol\u00f3gico"},"content":{"rendered":"","protected":false},"excerpt":{"rendered":"<p>Este b\u00e1lsamo tintado 2 en 1 para labios y mejillas, con una textura fundente, est\u00e1 formulado con ingredientes 100 % de origen natural.<\/p>\n","protected":false},"featured_media":188873,"comment_status":"open","ping_status":"closed","template":"","meta":{"_acf_changed":false},"product_brand":[],"product_cat":[971,973,624],"product_tag":[],"class_list":{"0":"post-189359","1":"product","2":"type-product","3":"status-publish","4":"has-post-thumbnail","6":"product_cat-balsamos-labiales-es","7":"product_cat-balsamos-labiales-facial","8":"product_cat-cara","10":"first","11":"instock","12":"taxable","13":"shipping-taxable","14":"purchasable","15":"product-type-simple"},"acf":[],"_links":{"self":[{"href":"https:\/\/haut-segala.com\/es\/wp-json\/wp\/v2\/product\/189359","targetHints":{"allow":["GET"]}}],"collection":[{"href":"https:\/\/haut-segala.com\/es\/wp-json\/wp\/v2\/product"}],"about":[{"href":"https:\/\/haut-segala.com\/es\/wp-json\/wp\/v2\/types\/product"}],"replies":[{"embeddable":true,"href":"https:\/\/haut-segala.com\/es\/wp-json\/wp\/v2\/comments?post=189359"}],"wp:featuredmedia":[{"embeddable":true,"href":"https:\/\/haut-segala.com\/es\/wp-json\/wp\/v2\/media\/188873"}],"wp:attachment":[{"href":"https:\/\/haut-segala.com\/es\/wp-json\/wp\/v2\/media?parent=189359"}],"wp:term":[{"taxonomy":"product_brand","embeddable":true,"href":"https:\/\/haut-segala.com\/es\/wp-json\/wp\/v2\/product_brand?post=189359"},{"taxonomy":"product_cat","embeddable":true,"href":"https:\/\/haut-segala.com\/es\/wp-json\/wp\/v2\/product_cat?post=189359"},{"taxonomy":"product_tag","embeddable":true,"href":"https:\/\/haut-segala.com\/es\/wp-json\/wp\/v2\/product_tag?post=189359"}],"curies":[{"name":"wp","href":"https:\/\/api.w.org\/{rel}","templated":true}]}}