{"id":189501,"date":"2025-09-15T00:01:18","date_gmt":"2025-09-14T22:01:18","guid":{"rendered":"https:\/\/haut-segala.com\/?post_type=product&#038;p=189501"},"modified":"2026-01-28T12:21:45","modified_gmt":"2026-01-28T11:21:45","slug":"balsamo-de-karite-ecologico","status":"publish","type":"product","link":"https:\/\/haut-segala.com\/es\/produit\/balsamo-de-karite-ecologico\/","title":{"rendered":"B\u00e1lsamo de karit\u00e9 ecol\u00f3gico"},"content":{"rendered":"","protected":false},"excerpt":{"rendered":"<p>Este b\u00e1lsamo de karit\u00e9 es un tratamiento multiuso para los labios y las zonas muy secas, como las manos o los codos. Est\u00e1 formulado con ingredientes 100 % ecol\u00f3gicos.<\/p>\n","protected":false},"featured_media":189281,"comment_status":"open","ping_status":"closed","template":"","meta":{"_acf_changed":false},"product_brand":[],"product_cat":[971,973,624],"product_tag":[],"class_list":{"0":"post-189501","1":"product","2":"type-product","3":"status-publish","4":"has-post-thumbnail","6":"product_cat-balsamos-labiales-es","7":"product_cat-balsamos-labiales-facial","8":"product_cat-cara","10":"first","11":"instock","12":"taxable","13":"shipping-taxable","14":"purchasable","15":"product-type-simple"},"acf":[],"_links":{"self":[{"href":"https:\/\/haut-segala.com\/es\/wp-json\/wp\/v2\/product\/189501","targetHints":{"allow":["GET"]}}],"collection":[{"href":"https:\/\/haut-segala.com\/es\/wp-json\/wp\/v2\/product"}],"about":[{"href":"https:\/\/haut-segala.com\/es\/wp-json\/wp\/v2\/types\/product"}],"replies":[{"embeddable":true,"href":"https:\/\/haut-segala.com\/es\/wp-json\/wp\/v2\/comments?post=189501"}],"wp:featuredmedia":[{"embeddable":true,"href":"https:\/\/haut-segala.com\/es\/wp-json\/wp\/v2\/media\/189281"}],"wp:attachment":[{"href":"https:\/\/haut-segala.com\/es\/wp-json\/wp\/v2\/media?parent=189501"}],"wp:term":[{"taxonomy":"product_brand","embeddable":true,"href":"https:\/\/haut-segala.com\/es\/wp-json\/wp\/v2\/product_brand?post=189501"},{"taxonomy":"product_cat","embeddable":true,"href":"https:\/\/haut-segala.com\/es\/wp-json\/wp\/v2\/product_cat?post=189501"},{"taxonomy":"product_tag","embeddable":true,"href":"https:\/\/haut-segala.com\/es\/wp-json\/wp\/v2\/product_tag?post=189501"}],"curies":[{"name":"wp","href":"https:\/\/api.w.org\/{rel}","templated":true}]}}