{"id":189508,"date":"2025-09-15T00:01:04","date_gmt":"2025-09-14T22:01:04","guid":{"rendered":"https:\/\/haut-segala.com\/?post_type=product&#038;p=189508"},"modified":"2026-04-06T17:51:19","modified_gmt":"2026-04-06T15:51:19","slug":"balsamo-labial-coco","status":"publish","type":"product","link":"https:\/\/haut-segala.com\/es\/produit\/balsamo-labial-coco\/","title":{"rendered":"B\u00e1lsamo labial Coco"},"content":{"rendered":"","protected":false},"excerpt":{"rendered":"<p>Este b\u00e1lsamo de coco es un tratamiento multiuso que nutre tanto los labios como las zonas muy secas del cuerpo, como las manos o los codos. Su f\u00f3rmula 100 % ecol\u00f3gica lo convierte en un aliado natural para el d\u00eda a d\u00eda.<\/p>\n","protected":false},"featured_media":189264,"comment_status":"open","ping_status":"closed","template":"","meta":{"_acf_changed":false},"product_brand":[],"product_cat":[971,973,624],"product_tag":[],"class_list":{"0":"post-189508","1":"product","2":"type-product","3":"status-publish","4":"has-post-thumbnail","6":"product_cat-balsamos-labiales-es","7":"product_cat-balsamos-labiales-facial","8":"product_cat-cara","10":"first","11":"instock","12":"taxable","13":"shipping-taxable","14":"purchasable","15":"product-type-simple"},"acf":[],"_links":{"self":[{"href":"https:\/\/haut-segala.com\/es\/wp-json\/wp\/v2\/product\/189508","targetHints":{"allow":["GET"]}}],"collection":[{"href":"https:\/\/haut-segala.com\/es\/wp-json\/wp\/v2\/product"}],"about":[{"href":"https:\/\/haut-segala.com\/es\/wp-json\/wp\/v2\/types\/product"}],"replies":[{"embeddable":true,"href":"https:\/\/haut-segala.com\/es\/wp-json\/wp\/v2\/comments?post=189508"}],"wp:featuredmedia":[{"embeddable":true,"href":"https:\/\/haut-segala.com\/es\/wp-json\/wp\/v2\/media\/189264"}],"wp:attachment":[{"href":"https:\/\/haut-segala.com\/es\/wp-json\/wp\/v2\/media?parent=189508"}],"wp:term":[{"taxonomy":"product_brand","embeddable":true,"href":"https:\/\/haut-segala.com\/es\/wp-json\/wp\/v2\/product_brand?post=189508"},{"taxonomy":"product_cat","embeddable":true,"href":"https:\/\/haut-segala.com\/es\/wp-json\/wp\/v2\/product_cat?post=189508"},{"taxonomy":"product_tag","embeddable":true,"href":"https:\/\/haut-segala.com\/es\/wp-json\/wp\/v2\/product_tag?post=189508"}],"curies":[{"name":"wp","href":"https:\/\/api.w.org\/{rel}","templated":true}]}}